{"id":23,"date":"2016-06-08T10:27:56","date_gmt":"2016-06-08T10:27:56","guid":{"rendered":"http:\/\/soyutorganizasyon.net\/?page_id=23"},"modified":"2016-07-25T13:21:47","modified_gmt":"2016-07-25T13:21:47","slug":"iletisim","status":"publish","type":"page","link":"https:\/\/soyutorganizasyon.net\/?page_id=23","title":{"rendered":"\u0130leti\u015fim"},"content":{"rendered":"<h2>Ak\u0131n K\u0131z\u0131l\u0131rmak: 0536 275 52 65<\/h2>\n<h2>Adakale Sokak 25\/23<\/h2>\n<h2>K\u0131z\u0131lay\/\u00c7ankaya\/ANKARA<\/h2>\n<p>&nbsp;<\/p>\n<p><iframe loading=\"lazy\" style=\"border: 0;\" src=\"https:\/\/www.google.com\/maps\/embed?pb=!1m18!1m12!1m3!1d764.9666656097678!2d32.858697829168776!3d39.92200002723273!2m3!1f0!2f0!3f0!3m2!1i1024!2i768!4f13.1!3m3!1m2!1s0x14d34e537d78e355%3A0xfee8be06bbffd7ff!2sFidanl%C4%B1k%2C+Adakale+Sk.+No%3A27%2C+06420+%C3%87ankaya%2FAnkara!5e0!3m2!1str!2str!4v1465382450012\" width=\"600\" height=\"450\" frameborder=\"0\" allowfullscreen=\"allowfullscreen\"><\/iframe><\/p>\n","protected":false},"excerpt":{"rendered":"<p>Ak\u0131n K\u0131z\u0131l\u0131rmak: 0536 275 52 65 Adakale Sokak 25\/23 K\u0131z\u0131lay\/\u00c7ankaya\/ANKARA &nbsp;<\/p>\n","protected":false},"author":1,"featured_media":0,"parent":0,"menu_order":6,"comment_status":"closed","ping_status":"closed","template":"","meta":{"ngg_post_thumbnail":0},"_links":{"self":[{"href":"https:\/\/soyutorganizasyon.net\/index.php?rest_route=\/wp\/v2\/pages\/23"}],"collection":[{"href":"https:\/\/soyutorganizasyon.net\/index.php?rest_route=\/wp\/v2\/pages"}],"about":[{"href":"https:\/\/soyutorganizasyon.net\/index.php?rest_route=\/wp\/v2\/types\/page"}],"author":[{"embeddable":true,"href":"https:\/\/soyutorganizasyon.net\/index.php?rest_route=\/wp\/v2\/users\/1"}],"replies":[{"embeddable":true,"href":"https:\/\/soyutorganizasyon.net\/index.php?rest_route=%2Fwp%2Fv2%2Fcomments&post=23"}],"version-history":[{"count":0,"href":"https:\/\/soyutorganizasyon.net\/index.php?rest_route=\/wp\/v2\/pages\/23\/revisions"}],"wp:attachment":[{"href":"https:\/\/soyutorganizasyon.net\/index.php?rest_route=%2Fwp%2Fv2%2Fmedia&parent=23"}],"curies":[{"name":"wp","href":"https:\/\/api.w.org\/{rel}","templated":true}]}}