{"id":17,"date":"2016-06-08T10:27:26","date_gmt":"2016-06-08T10:27:26","guid":{"rendered":"http:\/\/soyutorganizasyon.net\/?page_id=17"},"modified":"2016-11-14T18:25:07","modified_gmt":"2016-11-14T18:25:07","slug":"referanslar","status":"publish","type":"page","link":"https:\/\/soyutorganizasyon.net\/?page_id=17","title":{"rendered":"Referanslar"},"content":{"rendered":"<h1><strong>Kuzu \u00a0KIDS \u00a0Giyim \u00a0Magazas\u0131<\/strong><\/h1>\n<h1><strong>Birinci \u00a0Anaokulu<\/strong><\/h1>\n<h1><strong>Do-Re-Mi \u00a0Giyim \u00a0Ma\u011fazas\u0131\u00a0<\/strong><\/h1>\n<h1><strong>CLUP \u00a0Leylaa \/ Dikmen<\/strong><\/h1>\n<h1><strong>A\u0130NA \u00a0D\u00fc\u011f\u00fcn \u00a0Salonu<\/strong><\/h1>\n<h1><strong>Grand \u00a0Ko\u00e7 \u00a0D\u00fc\u011f\u00fcn \u00a0Salonu<\/strong><\/h1>\n<h1><strong>PATALYA \u00a0Hotel<\/strong><\/h1>\n<h1><strong>N\u0130SA \u00a0Ayakkab\u0131 \/ Etlik<\/strong><\/h1>\n<h1><strong>MADO \/ Bah\u00e7eli<\/strong><\/h1>\n<h1><strong>B\u0130G Mall \/ Nata \u00a0Vega<\/strong><\/h1>\n<h1><strong>\u0130VME \u00a0Dersanesi \/ \u00dcm\u00fctk\u00f6y<\/strong><\/h1>\n<h1><strong>Kahveci \u00a0Beyzade \/ K\u0131z\u0131lay<\/strong><\/h1>\n<h1><strong>AZRA \u00a0B\u00f6rek \u00a0Evi \/ K\u0131z\u0131lay<\/strong><\/h1>\n<h1><strong>\u00c7ak\u0131r \u00a0AVM \/ Mamak<\/strong><\/h1>\n<h1><strong>Kulis \u00a0Giyim \u00a0Ma\u011fazas\u0131 \/ Ye\u015filbay\u0131r<\/strong><\/h1>\n<h1><strong>Tesbihane \u00a0Ma\u011fazas\u0131 \/ Ke\u00e7i\u00f6ren<\/strong><\/h1>\n<h1><strong>\u00dcRD\u00dcN \u00a0Alfayez \u00a0Okullar\u0131 \/ \u00c7ankaya<\/strong><\/h1>\n<h1><strong>Herg\u00fcn \u00a0G\u00fczellik \u00a0Salonu \/ Bat\u0131kent<\/strong><\/h1>\n<h1><strong>Sandal \u00a0Lokantas\u0131 \/ K\u0131z\u0131lay<\/strong><\/h1>\n<h1><strong>ROYAL \u00a0ANKA \u00a0Hotel \/ Maltepe<\/strong><\/h1>\n<h1><strong>\u015e\u0131mart \u00a0Giyim \/ H\u00fcseyin Gazi<\/strong><\/h1>\n<h1><strong>EL\u0130T Yatak \/ \u0130KEA<\/strong><\/h1>\n<h1><strong>Wolves \u00a0Spor \u00a0Merkezi \/ Demetevler<\/strong><\/h1>\n<h1><strong>MUMS \u00a0Restaurant \/ \u0130ncek<\/strong><\/h1>\n<h1><strong>Teras \u00a0Cafe \/ \u00c7ukurambar<\/strong><\/h1>\n<h1><strong>Halil \u00a0\u0130brahim \u00a0Sofras\u0131 \/ \u00c7ubuk<\/strong><\/h1>\n<h1><strong>AB\u0130ES \u00a0Giyim Ma\u011fazas\u0131<\/strong><\/h1>\n<h1><strong>Soylu \u00a0Ticaret \/ \u00c7ubuk<\/strong><\/h1>\n<h1><strong>\u00d6zg\u00fcr \u00a0Leblebi \/ Mamak<\/strong><\/h1>\n<h1><strong>GOLDEN \u00a0Butik \u00a0Hotel \/ Kavakl\u0131dere<\/strong><\/h1>\n<h1><strong>Bilfen \u00a0Kolejji \/ \u00dcmitk\u00f6y<\/strong><\/h1>\n<h1><strong>Dr.Re\u015fit \u00a0Galip \u00a0\u0130.\u00d6.O \/ G.O.P<\/strong><\/h1>\n<h1><strong>Seyran \u00a0Ba\u011flar\u0131 \u00a0\u0130.\u00d6.O \/ K.Esat<\/strong><\/h1>\n<h1><strong>Ali Hasan \u00c7o\u015fkun K\u0131z Tek. Meslek Lisesi\/Dikmen<\/strong><\/h1>\n<h1><strong>YDS \u00a0Akademi \/ K\u0131z\u0131lay<\/strong><\/h1>\n<h1><strong>Etisan\/Ya\u015famkent<\/strong><\/h1>\n<h1><strong>G\u00f6ksu \u00a0Restaurant \u00a0(Ramazan \u015e.) \/ \u00c7ankaya<\/strong><\/h1>\n<h1><strong>Hisar \u00a0Koleji \/ \u00d6ve\u00e7ler<\/strong><\/h1>\n<h1><strong>Gez-al \u00a0Giyim \u00a0Ma\u011fazas\u0131<\/strong><\/h1>\n<h1><strong>M\u00fc \u00a0D\u00fcr\u00fcm \/Akdere<\/strong><\/h1>\n<h1><strong>Waffle \u00a0Art \/K\u0131z\u0131lay<\/strong><\/h1>\n<h1><strong>BEYOND \u00a0Parf\u00fcm \/ AnkaMall<\/strong><\/h1>\n<h1><strong>Burger \u00a0King \/ Bat\u0131kent<\/strong><\/h1>\n<h1><strong>Bizim \u00a0Anadolu \u00a0Vakf\u0131 \/K\u0131z\u0131lcahamam<\/strong><\/h1>\n<h1><strong>Kahve \u00a0Ate\u015fi \/Hacettepe<\/strong><\/h1>\n<h1><strong>SA\u00c7A \u00a0Giyim \/Karap\u00fcr\u00e7ek<\/strong><\/h1>\n<h1><strong>T\u00fcrk \u00a0Telekom \/ H\u00fcseyingazi<\/strong><\/h1>\n<h1><strong>Kurtulu\u015f \u00d6zel E\u011fitim Merkezi<\/strong><\/h1>\n<h1><strong>11.Hava \u00a0\u00dcss\u00fc \u00a0Merkez \u00a0Komutanl\u0131\u011f\u0131 \/ Etimesgut<\/strong><\/h1>\n<h1><strong>Alfemo Mobilya Ma\u011fazalar\u0131<\/strong><\/h1>\n<h1><strong>MRY G\u00fczellik Salonu\/Eryaman<\/strong><\/h1>\n<h1><strong>Maksat \u00c7i\u011f K\u00f6fte\/Be\u015ftepe<\/strong><\/h1>\n<h1><strong>Komagene \u00c7i\u011f K\u00f6fte\/Yaprac\u0131k<\/strong><\/h1>\n<h1><strong>\u0130stikbal \u00a0G\u00f6kerler \/Ostim<\/strong><\/h1>\n<h1><strong>Ankara Barosu Av.Atila Sav Sanat Galerisi Kokteyli<\/strong><\/h1>\n<p>&nbsp;<\/p>\n","protected":false},"excerpt":{"rendered":"<p>Kuzu \u00a0KIDS \u00a0Giyim \u00a0Magazas\u0131 Birinci \u00a0Anaokulu Do-Re-Mi \u00a0Giyim \u00a0Ma\u011fazas\u0131\u00a0 CLUP \u00a0Leylaa \/ Dikmen A\u0130NA \u00a0D\u00fc\u011f\u00fcn \u00a0Salonu Grand \u00a0Ko\u00e7 \u00a0D\u00fc\u011f\u00fcn \u00a0Salonu PATALYA \u00a0Hotel N\u0130SA \u00a0Ayakkab\u0131 \/ Etlik MADO \/ Bah\u00e7eli B\u0130G Mall \/ Nata \u00a0Vega \u0130VME \u00a0Dersanesi \/ \u00dcm\u00fctk\u00f6y Kahveci \u00a0Beyzade \/ K\u0131z\u0131lay AZRA \u00a0B\u00f6rek \u00a0Evi \/ K\u0131z\u0131lay \u00c7ak\u0131r \u00a0AVM \/<a href=\"https:\/\/soyutorganizasyon.net\/?page_id=17\" class=\"read-more\">Read the Rest&#8230;<\/a><\/p>\n","protected":false},"author":1,"featured_media":0,"parent":0,"menu_order":0,"comment_status":"closed","ping_status":"closed","template":"","meta":{"ngg_post_thumbnail":0},"_links":{"self":[{"href":"https:\/\/soyutorganizasyon.net\/index.php?rest_route=\/wp\/v2\/pages\/17"}],"collection":[{"href":"https:\/\/soyutorganizasyon.net\/index.php?rest_route=\/wp\/v2\/pages"}],"about":[{"href":"https:\/\/soyutorganizasyon.net\/index.php?rest_route=\/wp\/v2\/types\/page"}],"author":[{"embeddable":true,"href":"https:\/\/soyutorganizasyon.net\/index.php?rest_route=\/wp\/v2\/users\/1"}],"replies":[{"embeddable":true,"href":"https:\/\/soyutorganizasyon.net\/index.php?rest_route=%2Fwp%2Fv2%2Fcomments&post=17"}],"version-history":[{"count":0,"href":"https:\/\/soyutorganizasyon.net\/index.php?rest_route=\/wp\/v2\/pages\/17\/revisions"}],"wp:attachment":[{"href":"https:\/\/soyutorganizasyon.net\/index.php?rest_route=%2Fwp%2Fv2%2Fmedia&parent=17"}],"curies":[{"name":"wp","href":"https:\/\/api.w.org\/{rel}","templated":true}]}}