{"id":15,"date":"2016-06-08T10:27:02","date_gmt":"2016-06-08T10:27:02","guid":{"rendered":"http:\/\/soyutorganizasyon.net\/?page_id=15"},"modified":"2016-06-08T12:28:07","modified_gmt":"2016-06-08T12:28:07","slug":"hizmetler","status":"publish","type":"page","link":"https:\/\/soyutorganizasyon.net\/?page_id=15","title":{"rendered":"Hizmetler"},"content":{"rendered":"<h1><b>A\u00e7\u0131l\u0131\u015f Organizasyonu<\/b><\/h1>\n<h1><b>Do\u011fum G\u00fcn\u00fc Organizasyonu<\/b><\/h1>\n<h1><b>D\u00fc\u011f\u00fcn ve S\u00fcnnet Organizasyonu<\/b><\/h1>\n<h1><b>Ses Sistemi<\/b><\/h1>\n<h1><b>Balon S\u00fcsleme<\/b><\/h1>\n<h1><b>Rafya S\u00fcsleme<\/b><\/h1>\n<h1><b>Bask\u0131l\u0131 Balon<\/b><\/h1>\n<h1><b>Jumbo Balon<\/b><\/h1>\n<h1><b>Sosis Balon<\/b><\/h1>\n<h1><b>Konfeti<\/b><\/h1>\n<h1><b>Volkan<\/b><\/h1>\n<h1><b>Palya\u00e7o<\/b><\/h1>\n<h1><b>Animat\u00f6r-Palya\u00e7o<\/b><\/h1>\n<h1><b>Host-Hostes<\/b><\/h1>\n<h1><b>Noel Baba<\/b><\/h1>\n<h1><b>Noel Anne<\/b><\/h1>\n<h1><b>Tahta Bacak<\/b><\/h1>\n<h1><b>Ate\u015fbaz<\/b><\/h1>\n<h1><b>Jongl\u00f6r<\/b><\/h1>\n<h1><b>Robot Adam<\/b><\/h1>\n<h1><b>Sihirbaz<\/b><\/h1>\n<h1><b>Hacivat-Karag\u00f6z Canl\u0131 G\u00f6steri<\/b><\/h1>\n<h1><b>Hacivat-Karag\u00f6z G\u00f6lge oyunu<\/b><\/h1>\n<h1><b>Masal Kahramanlar\u0131<\/b><\/h1>\n<h1><b>Festival ve Konser Organizasyonu<\/b><\/h1>\n<h1><b>\u00c7ocuk Tiyatrosu<\/b><\/h1>\n<h1><b>Pinyata<\/b><\/h1>\n<h1><b>Bistro Masa<\/b><\/h1>\n<h1><b>Masa-Sandalye<\/b><\/h1>\n<h1><b>Masa-Sandalye Giydirme<\/b><\/h1>\n<h1><b>Fly Tube<\/b><\/h1>\n<h1><b>Catering Hizmeti<\/b><\/h1>\n<h1><b>Pamuk \u015eeker(Arabas\u0131 ile)<\/b><\/h1>\n<h1><b>Osmanl\u0131 Macunu<\/b><\/h1>\n<h1><b>Pop Corn(Arabas\u0131 ile)<\/b><\/h1>\n<h1><b>Osmanl\u0131 \u015eerbeti<\/b><\/h1>\n<h1><b>\u015ei\u015fme Oyun Parklar\u0131<\/b><\/h1>\n<h1><b>\u00dc\u00e7l\u00fc Trio(M\u00fczik) Grubu<\/b><\/h1>\n<h1><b>Fas\u0131l Grubu<\/b><\/h1>\n<p>&nbsp;<\/p>\n<p>&nbsp;<\/p>\n","protected":false},"excerpt":{"rendered":"<p>A\u00e7\u0131l\u0131\u015f Organizasyonu Do\u011fum G\u00fcn\u00fc Organizasyonu D\u00fc\u011f\u00fcn ve S\u00fcnnet Organizasyonu Ses Sistemi Balon S\u00fcsleme Rafya S\u00fcsleme Bask\u0131l\u0131 Balon Jumbo Balon Sosis Balon Konfeti Volkan Palya\u00e7o Animat\u00f6r-Palya\u00e7o Host-Hostes Noel Baba Noel Anne Tahta Bacak Ate\u015fbaz Jongl\u00f6r Robot Adam Sihirbaz Hacivat-Karag\u00f6z Canl\u0131 G\u00f6steri Hacivat-Karag\u00f6z G\u00f6lge oyunu Masal Kahramanlar\u0131 Festival ve Konser Organizasyonu \u00c7ocuk<a href=\"https:\/\/soyutorganizasyon.net\/?page_id=15\" class=\"read-more\">Read the Rest&#8230;<\/a><\/p>\n","protected":false},"author":1,"featured_media":0,"parent":0,"menu_order":0,"comment_status":"closed","ping_status":"closed","template":"","meta":{"ngg_post_thumbnail":0},"_links":{"self":[{"href":"https:\/\/soyutorganizasyon.net\/index.php?rest_route=\/wp\/v2\/pages\/15"}],"collection":[{"href":"https:\/\/soyutorganizasyon.net\/index.php?rest_route=\/wp\/v2\/pages"}],"about":[{"href":"https:\/\/soyutorganizasyon.net\/index.php?rest_route=\/wp\/v2\/types\/page"}],"author":[{"embeddable":true,"href":"https:\/\/soyutorganizasyon.net\/index.php?rest_route=\/wp\/v2\/users\/1"}],"replies":[{"embeddable":true,"href":"https:\/\/soyutorganizasyon.net\/index.php?rest_route=%2Fwp%2Fv2%2Fcomments&post=15"}],"version-history":[{"count":0,"href":"https:\/\/soyutorganizasyon.net\/index.php?rest_route=\/wp\/v2\/pages\/15\/revisions"}],"wp:attachment":[{"href":"https:\/\/soyutorganizasyon.net\/index.php?rest_route=%2Fwp%2Fv2%2Fmedia&parent=15"}],"curies":[{"name":"wp","href":"https:\/\/api.w.org\/{rel}","templated":true}]}}