{"id":13,"date":"2016-06-08T10:26:49","date_gmt":"2016-06-08T10:26:49","guid":{"rendered":"http:\/\/soyutorganizasyon.net\/?page_id=13"},"modified":"2016-06-08T12:04:29","modified_gmt":"2016-06-08T12:04:29","slug":"hakkimizda","status":"publish","type":"page","link":"https:\/\/soyutorganizasyon.net\/?page_id=13","title":{"rendered":"Hakk\u0131m\u0131zda"},"content":{"rendered":"<h5><strong>2012 y\u0131l\u0131nda kurulmu\u015f olan Soyut Organizasyon m\u00fc\u015fterilerine her t\u00fcrl\u00fc organizasyon etkinli\u011fi ile hizmet vermektedir.A\u00e7\u0131l\u0131\u015f organizasyonundan her t\u00fcrl\u00fc animasyon etkinli\u011fine,palya\u00e7o g\u00f6sterisine ve masal kahramanlar\u0131na dair hizmetlerimiz mevcuttur.<\/strong><\/h5>\n<h5><strong>Ayr\u0131ca bu y\u0131l faaliyete soktu\u011fumuz \u015fi\u015fme oyun parklar\u0131 ile \u00e7ocuklar\u0131m\u0131z\u0131n e\u011flence d\u00fcnyas\u0131na yepyeni mutluluklar katmaktay\u0131z.<\/strong><\/h5>\n<p>&nbsp;<\/p>\n<p>&nbsp;<\/p>\n<p>&nbsp;<\/p>\n<p>&nbsp;<\/p>\n","protected":false},"excerpt":{"rendered":"<p>2012 y\u0131l\u0131nda kurulmu\u015f olan Soyut Organizasyon m\u00fc\u015fterilerine her t\u00fcrl\u00fc organizasyon etkinli\u011fi ile hizmet vermektedir.A\u00e7\u0131l\u0131\u015f organizasyonundan her t\u00fcrl\u00fc animasyon etkinli\u011fine,palya\u00e7o g\u00f6sterisine ve masal kahramanlar\u0131na dair hizmetlerimiz mevcuttur. Ayr\u0131ca bu y\u0131l faaliyete soktu\u011fumuz \u015fi\u015fme oyun parklar\u0131 ile \u00e7ocuklar\u0131m\u0131z\u0131n e\u011flence d\u00fcnyas\u0131na yepyeni mutluluklar katmaktay\u0131z. &nbsp; &nbsp; &nbsp; &nbsp;<\/p>\n","protected":false},"author":1,"featured_media":0,"parent":0,"menu_order":0,"comment_status":"closed","ping_status":"closed","template":"","meta":{"ngg_post_thumbnail":0},"_links":{"self":[{"href":"https:\/\/soyutorganizasyon.net\/index.php?rest_route=\/wp\/v2\/pages\/13"}],"collection":[{"href":"https:\/\/soyutorganizasyon.net\/index.php?rest_route=\/wp\/v2\/pages"}],"about":[{"href":"https:\/\/soyutorganizasyon.net\/index.php?rest_route=\/wp\/v2\/types\/page"}],"author":[{"embeddable":true,"href":"https:\/\/soyutorganizasyon.net\/index.php?rest_route=\/wp\/v2\/users\/1"}],"replies":[{"embeddable":true,"href":"https:\/\/soyutorganizasyon.net\/index.php?rest_route=%2Fwp%2Fv2%2Fcomments&post=13"}],"version-history":[{"count":0,"href":"https:\/\/soyutorganizasyon.net\/index.php?rest_route=\/wp\/v2\/pages\/13\/revisions"}],"wp:attachment":[{"href":"https:\/\/soyutorganizasyon.net\/index.php?rest_route=%2Fwp%2Fv2%2Fmedia&parent=13"}],"curies":[{"name":"wp","href":"https:\/\/api.w.org\/{rel}","templated":true}]}}